{"id":2,"date":"2024-05-07T05:59:20","date_gmt":"2024-05-07T05:59:20","guid":{"rendered":"https:\/\/landing.stadtkarte.at\/?page_id=2"},"modified":"2026-03-05T10:42:12","modified_gmt":"2026-03-05T09:42:12","slug":"home","status":"publish","type":"page","link":"https:\/\/landing.stadtkarte.at\/","title":{"rendered":"Home"},"content":{"rendered":"\t\t<div data-elementor-type=\"wp-page\" data-elementor-id=\"2\" class=\"elementor elementor-2\" data-elementor-post-type=\"page\">\n\t\t\t\t<div class=\"elementor-element elementor-element-3f214c15 e-flex e-con-boxed e-con e-parent\" data-id=\"3f214c15\" data-element_type=\"container\" data-e-type=\"container\">\n\t\t\t\t\t<div class=\"e-con-inner\">\n\t\t\t\t<div class=\"elementor-element elementor-element-73df5e04 elementor-widget elementor-widget-text-editor\" data-id=\"73df5e04\" data-element_type=\"widget\" data-e-type=\"widget\" data-widget_type=\"text-editor.default\">\n\t\t\t\t<div class=\"elementor-widget-container\">\n\t\t\t\t\t\t\t\t\t<p>Herzlich willkommen zum Stadtkarte Portal<\/p>\t\t\t\t\t\t\t\t<\/div>\n\t\t\t\t<\/div>\n\t\t\t\t\t<\/div>\n\t\t\t\t<\/div>\n\t\t<div class=\"elementor-element elementor-element-9a9a592 e-flex e-con-boxed e-con e-parent\" data-id=\"9a9a592\" data-element_type=\"container\" data-e-type=\"container\">\n\t\t\t\t\t<div class=\"e-con-inner\">\n\t\t<div class=\"elementor-element elementor-element-c73db6c e-con-full e-flex e-con e-child\" data-id=\"c73db6c\" data-element_type=\"container\" data-e-type=\"container\">\n\t\t\t\t<div class=\"elementor-element elementor-element-3ddd9e2 elementor-widget elementor-widget-image\" data-id=\"3ddd9e2\" data-element_type=\"widget\" data-e-type=\"widget\" data-widget_type=\"image.default\">\n\t\t\t\t<div class=\"elementor-widget-container\">\n\t\t\t\t\t\t\t\t\t\t\t\t\t\t\t\t<a href=\"https:\/\/stadtkarte.at\" target=\"_blank\">\n\t\t\t\t\t\t\t<img decoding=\"async\" width=\"350\" height=\"60\" src=\"https:\/\/landing.stadtkarte.at\/wp-content\/uploads\/2024\/05\/stadtkarten.at-logo.svg\" class=\"attachment-full size-full wp-image-10\" alt=\"\" \/>\t\t\t\t\t\t\t\t<\/a>\n\t\t\t\t\t\t\t\t\t\t\t\t\t\t\t<\/div>\n\t\t\t\t<\/div>\n\t\t\t\t<\/div>\n\t\t<div class=\"elementor-element elementor-element-1a7a17c e-con-full e-flex e-con e-child\" data-id=\"1a7a17c\" data-element_type=\"container\" data-e-type=\"container\">\n\t\t\t\t<div class=\"elementor-element elementor-element-2ce9e2c elementor-widget elementor-widget-image\" data-id=\"2ce9e2c\" data-element_type=\"widget\" data-e-type=\"widget\" data-widget_type=\"image.default\">\n\t\t\t\t<div class=\"elementor-widget-container\">\n\t\t\t\t\t\t\t\t\t\t\t\t\t\t\t\t<a href=\"https:\/\/firmennetzwerk.at\" target=\"_blank\">\n\t\t\t\t\t\t\t<img decoding=\"async\" width=\"488\" height=\"60\" src=\"https:\/\/landing.stadtkarte.at\/wp-content\/uploads\/2024\/05\/firmennetzwerk-logo.svg\" class=\"attachment-full size-full wp-image-11\" alt=\"\" \/>\t\t\t\t\t\t\t\t<\/a>\n\t\t\t\t\t\t\t\t\t\t\t\t\t\t\t<\/div>\n\t\t\t\t<\/div>\n\t\t\t\t<\/div>\n\t\t<div class=\"elementor-element elementor-element-b7681dc e-con-full e-flex e-con e-child\" data-id=\"b7681dc\" data-element_type=\"container\" data-e-type=\"container\">\n\t\t\t\t<div class=\"elementor-element elementor-element-149a00e elementor-widget elementor-widget-image\" data-id=\"149a00e\" data-element_type=\"widget\" data-e-type=\"widget\" data-widget_type=\"image.default\">\n\t\t\t\t<div class=\"elementor-widget-container\">\n\t\t\t\t\t\t\t\t\t\t\t\t\t\t\t\t<a href=\"https:\/\/stadtkarte.jobs\" target=\"_blank\">\n\t\t\t\t\t\t\t<img decoding=\"async\" width=\"350\" height=\"60\" src=\"https:\/\/landing.stadtkarte.at\/wp-content\/uploads\/2024\/05\/stadtkarte.jobs_.logo_-1.svg\" class=\"attachment-full size-full wp-image-12\" alt=\"\" \/>\t\t\t\t\t\t\t\t<\/a>\n\t\t\t\t\t\t\t\t\t\t\t\t\t\t\t<\/div>\n\t\t\t\t<\/div>\n\t\t\t\t<\/div>\n\t\t<div class=\"elementor-element elementor-element-b9e102a e-con-full e-flex e-con e-child\" data-id=\"b9e102a\" data-element_type=\"container\" data-e-type=\"container\">\n\t\t\t\t<div class=\"elementor-element elementor-element-d7468f5 elementor-widget elementor-widget-image\" data-id=\"d7468f5\" data-element_type=\"widget\" data-e-type=\"widget\" data-widget_type=\"image.default\">\n\t\t\t\t<div class=\"elementor-widget-container\">\n\t\t\t\t\t\t\t\t\t\t\t\t\t\t\t\t<a href=\"https:\/\/sorglospage.com\/beispielseiten\/\" target=\"_blank\">\n\t\t\t\t\t\t\t<img loading=\"lazy\" decoding=\"async\" width=\"511\" height=\"177\" src=\"https:\/\/landing.stadtkarte.at\/wp-content\/uploads\/2024\/07\/sorglospage_logo-SM.svg\" class=\"attachment-full size-full wp-image-41\" alt=\"Sorglos Page GmbH\" \/>\t\t\t\t\t\t\t\t<\/a>\n\t\t\t\t\t\t\t\t\t\t\t\t\t\t\t<\/div>\n\t\t\t\t<\/div>\n\t\t\t\t<div class=\"elementor-element elementor-element-da819e5 elementor-widget elementor-widget-heading\" data-id=\"da819e5\" data-element_type=\"widget\" data-e-type=\"widget\" data-widget_type=\"heading.default\">\n\t\t\t\t<div class=\"elementor-widget-container\">\n\t\t\t\t\t<h5 class=\"elementor-heading-title elementor-size-default\"><a href=\"https:\/\/sorglospage.com\/beispielseiten\/\" target=\"_blank\">Beispielseiten sorglospage.com - Passwort: SLP<\/a><\/h5>\t\t\t\t<\/div>\n\t\t\t\t<\/div>\n\t\t\t\t<div class=\"elementor-element elementor-element-62b7258 elementor-widget elementor-widget-image\" data-id=\"62b7258\" data-element_type=\"widget\" data-e-type=\"widget\" data-widget_type=\"image.default\">\n\t\t\t\t<div class=\"elementor-widget-container\">\n\t\t\t\t\t\t\t\t\t\t\t\t\t\t\t\t<a href=\"https:\/\/sorglospage.com\/beispielseiten\/\" target=\"_blank\">\n\t\t\t\t\t\t\t<img loading=\"lazy\" decoding=\"async\" width=\"1280\" height=\"864\" src=\"https:\/\/landing.stadtkarte.at\/wp-content\/uploads\/2024\/09\/beispielseiten-sorglospage.com_.jpg\" class=\"attachment-full size-full wp-image-46\" alt=\"sorglospage.com\" srcset=\"https:\/\/landing.stadtkarte.at\/wp-content\/uploads\/2024\/09\/beispielseiten-sorglospage.com_.jpg 1280w, https:\/\/landing.stadtkarte.at\/wp-content\/uploads\/2024\/09\/beispielseiten-sorglospage.com_-300x203.jpg 300w, https:\/\/landing.stadtkarte.at\/wp-content\/uploads\/2024\/09\/beispielseiten-sorglospage.com_-1024x691.jpg 1024w, https:\/\/landing.stadtkarte.at\/wp-content\/uploads\/2024\/09\/beispielseiten-sorglospage.com_-768x518.jpg 768w\" sizes=\"(max-width: 1280px) 100vw, 1280px\" \/>\t\t\t\t\t\t\t\t<\/a>\n\t\t\t\t\t\t\t\t\t\t\t\t\t\t\t<\/div>\n\t\t\t\t<\/div>\n\t\t<div class=\"elementor-element elementor-element-aa6133a e-con-full elementor-hidden-tablet e-flex e-con e-child\" data-id=\"aa6133a\" data-element_type=\"container\" data-e-type=\"container\">\n\t\t<div class=\"elementor-element elementor-element-b03578a e-con-full e-flex e-con e-child\" data-id=\"b03578a\" data-element_type=\"container\" data-e-type=\"container\">\n\t\t\t\t<div class=\"elementor-element elementor-element-c5818e2 elementor-widget elementor-widget-heading\" data-id=\"c5818e2\" data-element_type=\"widget\" data-e-type=\"widget\" data-widget_type=\"heading.default\">\n\t\t\t\t<div class=\"elementor-widget-container\">\n\t\t\t\t\t<h5 class=\"elementor-heading-title elementor-size-default\"><a href=\"https:\/\/sorglospage.com\/beispielseiten\/\" target=\"_blank\">Beispiel ALT<\/a><\/h5>\t\t\t\t<\/div>\n\t\t\t\t<\/div>\n\t\t\t\t<div class=\"elementor-element elementor-element-010c714 elementor-widget elementor-widget-image\" data-id=\"010c714\" data-element_type=\"widget\" data-e-type=\"widget\" data-widget_type=\"image.default\">\n\t\t\t\t<div class=\"elementor-widget-container\">\n\t\t\t\t\t\t\t\t\t\t\t\t\t\t\t\t<a href=\"https:\/\/kunden.sorglospage.com\/beispiel\/dasglashaus-bruck\/index.html\" target=\"_blank\">\n\t\t\t\t\t\t\t<img loading=\"lazy\" decoding=\"async\" width=\"1280\" height=\"857\" src=\"https:\/\/landing.stadtkarte.at\/wp-content\/uploads\/2024\/11\/dasglashaus-bruck-alt.jpg\" class=\"attachment-full size-full wp-image-167\" alt=\"\" srcset=\"https:\/\/landing.stadtkarte.at\/wp-content\/uploads\/2024\/11\/dasglashaus-bruck-alt.jpg 1280w, https:\/\/landing.stadtkarte.at\/wp-content\/uploads\/2024\/11\/dasglashaus-bruck-alt-300x201.jpg 300w, https:\/\/landing.stadtkarte.at\/wp-content\/uploads\/2024\/11\/dasglashaus-bruck-alt-1024x686.jpg 1024w, https:\/\/landing.stadtkarte.at\/wp-content\/uploads\/2024\/11\/dasglashaus-bruck-alt-768x514.jpg 768w\" sizes=\"(max-width: 1280px) 100vw, 1280px\" \/>\t\t\t\t\t\t\t\t<\/a>\n\t\t\t\t\t\t\t\t\t\t\t\t\t\t\t<\/div>\n\t\t\t\t<\/div>\n\t\t\t\t<\/div>\n\t\t<div class=\"elementor-element elementor-element-0af48d9 e-con-full e-flex e-con e-child\" data-id=\"0af48d9\" data-element_type=\"container\" data-e-type=\"container\">\n\t\t\t\t<div class=\"elementor-element elementor-element-b4b7ee1 elementor-widget elementor-widget-heading\" data-id=\"b4b7ee1\" data-element_type=\"widget\" data-e-type=\"widget\" data-widget_type=\"heading.default\">\n\t\t\t\t<div class=\"elementor-widget-container\">\n\t\t\t\t\t<h5 class=\"elementor-heading-title elementor-size-default\"><a href=\"https:\/\/sorglospage.com\/beispielseiten\/\" target=\"_blank\">Beispiel NEU<\/a><\/h5>\t\t\t\t<\/div>\n\t\t\t\t<\/div>\n\t\t\t\t<div class=\"elementor-element elementor-element-e681ac0 elementor-widget elementor-widget-image\" data-id=\"e681ac0\" data-element_type=\"widget\" data-e-type=\"widget\" data-widget_type=\"image.default\">\n\t\t\t\t<div class=\"elementor-widget-container\">\n\t\t\t\t\t\t\t\t\t\t\t\t\t\t\t\t<a href=\"https:\/\/dasglashaus-bruck.at\/\" target=\"_blank\">\n\t\t\t\t\t\t\t<img loading=\"lazy\" decoding=\"async\" width=\"1280\" height=\"857\" src=\"https:\/\/landing.stadtkarte.at\/wp-content\/uploads\/2024\/11\/dasglashaus-bruck-neu.jpg\" class=\"attachment-full size-full wp-image-168\" alt=\"\" srcset=\"https:\/\/landing.stadtkarte.at\/wp-content\/uploads\/2024\/11\/dasglashaus-bruck-neu.jpg 1280w, https:\/\/landing.stadtkarte.at\/wp-content\/uploads\/2024\/11\/dasglashaus-bruck-neu-300x201.jpg 300w, https:\/\/landing.stadtkarte.at\/wp-content\/uploads\/2024\/11\/dasglashaus-bruck-neu-1024x686.jpg 1024w, https:\/\/landing.stadtkarte.at\/wp-content\/uploads\/2024\/11\/dasglashaus-bruck-neu-768x514.jpg 768w\" sizes=\"(max-width: 1280px) 100vw, 1280px\" \/>\t\t\t\t\t\t\t\t<\/a>\n\t\t\t\t\t\t\t\t\t\t\t\t\t\t\t<\/div>\n\t\t\t\t<\/div>\n\t\t\t\t<\/div>\n\t\t\t\t<\/div>\n\t\t\t\t<\/div>\n\t\t<div class=\"elementor-element elementor-element-07e8c3b e-con-full e-flex e-con e-child\" data-id=\"07e8c3b\" data-element_type=\"container\" data-e-type=\"container\">\n\t\t\t\t<div class=\"elementor-element elementor-element-3e3e3da elementor-widget elementor-widget-image\" data-id=\"3e3e3da\" data-element_type=\"widget\" data-e-type=\"widget\" data-widget_type=\"image.default\">\n\t\t\t\t<div class=\"elementor-widget-container\">\n\t\t\t\t\t\t\t\t\t\t\t\t\t\t\t\t<a href=\"https:\/\/rundgang.stadtkarte.at\" target=\"_blank\">\n\t\t\t\t\t\t\t<img loading=\"lazy\" decoding=\"async\" width=\"554\" height=\"165\" src=\"https:\/\/landing.stadtkarte.at\/wp-content\/uploads\/2024\/09\/3d-rundgang-logo.png\" class=\"attachment-full size-full wp-image-151\" alt=\"\" srcset=\"https:\/\/landing.stadtkarte.at\/wp-content\/uploads\/2024\/09\/3d-rundgang-logo.png 554w, https:\/\/landing.stadtkarte.at\/wp-content\/uploads\/2024\/09\/3d-rundgang-logo-300x89.png 300w\" sizes=\"(max-width: 554px) 100vw, 554px\" \/>\t\t\t\t\t\t\t\t<\/a>\n\t\t\t\t\t\t\t\t\t\t\t\t\t\t\t<\/div>\n\t\t\t\t<\/div>\n\t\t<div class=\"elementor-element elementor-element-03f733d e-flex e-con-boxed e-con e-child\" data-id=\"03f733d\" data-element_type=\"container\" data-e-type=\"container\">\n\t\t\t\t\t<div class=\"e-con-inner\">\n\t\t\t\t<div class=\"elementor-element elementor-element-03d1eb7 elementor-widget elementor-widget-heading\" data-id=\"03d1eb7\" data-element_type=\"widget\" data-e-type=\"widget\" data-widget_type=\"heading.default\">\n\t\t\t\t<div class=\"elementor-widget-container\">\n\t\t\t\t\t<h2 class=\"elementor-heading-title elementor-size-default\">Beispiel Rundg\u00e4nge<\/h2>\t\t\t\t<\/div>\n\t\t\t\t<\/div>\n\t\t\t\t\t<\/div>\n\t\t\t\t<\/div>\n\t\t<div class=\"elementor-element elementor-element-f32c178 e-flex e-con-boxed e-con e-child\" data-id=\"f32c178\" data-element_type=\"container\" data-e-type=\"container\">\n\t\t\t\t\t<div class=\"e-con-inner\">\n\t\t<div class=\"elementor-element elementor-element-576a10c e-flex e-con-boxed e-con e-child\" data-id=\"576a10c\" data-element_type=\"container\" data-e-type=\"container\">\n\t\t\t\t\t<div class=\"e-con-inner\">\n\t\t\t\t<div class=\"elementor-element elementor-element-97a23b7 elementor-icon-list--layout-traditional elementor-list-item-link-full_width elementor-widget elementor-widget-icon-list\" data-id=\"97a23b7\" data-element_type=\"widget\" data-e-type=\"widget\" data-widget_type=\"icon-list.default\">\n\t\t\t\t<div class=\"elementor-widget-container\">\n\t\t\t\t\t\t\t<ul class=\"elementor-icon-list-items\">\n\t\t\t\t\t\t\t<li class=\"elementor-icon-list-item\">\n\t\t\t\t\t\t\t\t\t\t\t<a href=\"https:\/\/stadtkarte.eu\/rundgang\/G_Star_RAW_Vienna_02\/index.html\" target=\"_blank\">\n\n\t\t\t\t\t\t\t\t\t\t\t\t<span class=\"elementor-icon-list-icon\">\n\t\t\t\t\t\t\t<svg aria-hidden=\"true\" class=\"e-font-icon-svg e-fas-external-link-alt\" viewBox=\"0 0 512 512\" xmlns=\"http:\/\/www.w3.org\/2000\/svg\"><path d=\"M432,320H400a16,16,0,0,0-16,16V448H64V128H208a16,16,0,0,0,16-16V80a16,16,0,0,0-16-16H48A48,48,0,0,0,0,112V464a48,48,0,0,0,48,48H400a48,48,0,0,0,48-48V336A16,16,0,0,0,432,320ZM488,0h-128c-21.37,0-32.05,25.91-17,41l35.73,35.73L135,320.37a24,24,0,0,0,0,34L157.67,377a24,24,0,0,0,34,0L435.28,133.32,471,169c15,15,41,4.5,41-17V24A24,24,0,0,0,488,0Z\"><\/path><\/svg>\t\t\t\t\t\t<\/span>\n\t\t\t\t\t\t\t\t\t\t<span class=\"elementor-icon-list-text\">Beispiel Gesch\u00e4ft<\/span>\n\t\t\t\t\t\t\t\t\t\t\t<\/a>\n\t\t\t\t\t\t\t\t\t<\/li>\n\t\t\t\t\t\t<\/ul>\n\t\t\t\t\t\t<\/div>\n\t\t\t\t<\/div>\n\t\t\t\t<div class=\"elementor-element elementor-element-1be34cb elementor-widget elementor-widget-image\" data-id=\"1be34cb\" data-element_type=\"widget\" data-e-type=\"widget\" data-widget_type=\"image.default\">\n\t\t\t\t<div class=\"elementor-widget-container\">\n\t\t\t\t\t\t\t\t\t\t\t\t\t\t\t\t<a href=\"https:\/\/stadtkarte.eu\/rundgang\/G_Star_RAW_Vienna_02\/index.html\" target=\"_blank\">\n\t\t\t\t\t\t\t<img loading=\"lazy\" decoding=\"async\" width=\"1480\" height=\"998\" src=\"https:\/\/landing.stadtkarte.at\/wp-content\/uploads\/2024\/09\/bild-slide_1.jpg\" class=\"attachment-full size-full wp-image-53\" alt=\"\" srcset=\"https:\/\/landing.stadtkarte.at\/wp-content\/uploads\/2024\/09\/bild-slide_1.jpg 1480w, https:\/\/landing.stadtkarte.at\/wp-content\/uploads\/2024\/09\/bild-slide_1-300x202.jpg 300w, https:\/\/landing.stadtkarte.at\/wp-content\/uploads\/2024\/09\/bild-slide_1-1024x691.jpg 1024w, https:\/\/landing.stadtkarte.at\/wp-content\/uploads\/2024\/09\/bild-slide_1-768x518.jpg 768w\" sizes=\"(max-width: 1480px) 100vw, 1480px\" \/>\t\t\t\t\t\t\t\t<\/a>\n\t\t\t\t\t\t\t\t\t\t\t\t\t\t\t<\/div>\n\t\t\t\t<\/div>\n\t\t\t\t\t<\/div>\n\t\t\t\t<\/div>\n\t\t<div class=\"elementor-element elementor-element-8e49be0 e-flex e-con-boxed e-con e-child\" data-id=\"8e49be0\" data-element_type=\"container\" data-e-type=\"container\">\n\t\t\t\t\t<div class=\"e-con-inner\">\n\t\t\t\t<div class=\"elementor-element elementor-element-5f75cf8 elementor-icon-list--layout-traditional elementor-list-item-link-full_width elementor-widget elementor-widget-icon-list\" data-id=\"5f75cf8\" data-element_type=\"widget\" data-e-type=\"widget\" data-widget_type=\"icon-list.default\">\n\t\t\t\t<div class=\"elementor-widget-container\">\n\t\t\t\t\t\t\t<ul class=\"elementor-icon-list-items\">\n\t\t\t\t\t\t\t<li class=\"elementor-icon-list-item\">\n\t\t\t\t\t\t\t\t\t\t\t<a href=\"https:\/\/stadtkarte.eu\/rundgang\/Pamonit_Wigs_Vienna\/index.html\" target=\"_blank\">\n\n\t\t\t\t\t\t\t\t\t\t\t\t<span class=\"elementor-icon-list-icon\">\n\t\t\t\t\t\t\t<svg aria-hidden=\"true\" class=\"e-font-icon-svg e-fas-external-link-alt\" viewBox=\"0 0 512 512\" xmlns=\"http:\/\/www.w3.org\/2000\/svg\"><path d=\"M432,320H400a16,16,0,0,0-16,16V448H64V128H208a16,16,0,0,0,16-16V80a16,16,0,0,0-16-16H48A48,48,0,0,0,0,112V464a48,48,0,0,0,48,48H400a48,48,0,0,0,48-48V336A16,16,0,0,0,432,320ZM488,0h-128c-21.37,0-32.05,25.91-17,41l35.73,35.73L135,320.37a24,24,0,0,0,0,34L157.67,377a24,24,0,0,0,34,0L435.28,133.32,471,169c15,15,41,4.5,41-17V24A24,24,0,0,0,488,0Z\"><\/path><\/svg>\t\t\t\t\t\t<\/span>\n\t\t\t\t\t\t\t\t\t\t<span class=\"elementor-icon-list-text\">Beispiel Gesch\u00e4ft<\/span>\n\t\t\t\t\t\t\t\t\t\t\t<\/a>\n\t\t\t\t\t\t\t\t\t<\/li>\n\t\t\t\t\t\t<\/ul>\n\t\t\t\t\t\t<\/div>\n\t\t\t\t<\/div>\n\t\t\t\t<div class=\"elementor-element elementor-element-06c0bc2 elementor-widget elementor-widget-image\" data-id=\"06c0bc2\" data-element_type=\"widget\" data-e-type=\"widget\" data-widget_type=\"image.default\">\n\t\t\t\t<div class=\"elementor-widget-container\">\n\t\t\t\t\t\t\t\t\t\t\t\t\t\t\t\t<a href=\"https:\/\/stadtkarte.eu\/rundgang\/Pamonit_Wigs_Vienna\/index.html\" target=\"_blank\">\n\t\t\t\t\t\t\t<img loading=\"lazy\" decoding=\"async\" width=\"1480\" height=\"998\" src=\"https:\/\/landing.stadtkarte.at\/wp-content\/uploads\/2024\/10\/Pamonit_Wigs_Vienna.jpg\" class=\"attachment-full size-full wp-image-158\" alt=\"\" srcset=\"https:\/\/landing.stadtkarte.at\/wp-content\/uploads\/2024\/10\/Pamonit_Wigs_Vienna.jpg 1480w, https:\/\/landing.stadtkarte.at\/wp-content\/uploads\/2024\/10\/Pamonit_Wigs_Vienna-300x202.jpg 300w, https:\/\/landing.stadtkarte.at\/wp-content\/uploads\/2024\/10\/Pamonit_Wigs_Vienna-1024x691.jpg 1024w, https:\/\/landing.stadtkarte.at\/wp-content\/uploads\/2024\/10\/Pamonit_Wigs_Vienna-768x518.jpg 768w\" sizes=\"(max-width: 1480px) 100vw, 1480px\" \/>\t\t\t\t\t\t\t\t<\/a>\n\t\t\t\t\t\t\t\t\t\t\t\t\t\t\t<\/div>\n\t\t\t\t<\/div>\n\t\t\t\t\t<\/div>\n\t\t\t\t<\/div>\n\t\t<div class=\"elementor-element elementor-element-6de849f e-con-full e-flex e-con e-child\" data-id=\"6de849f\" data-element_type=\"container\" data-e-type=\"container\">\n\t\t\t\t<div class=\"elementor-element elementor-element-33431bf elementor-icon-list--layout-traditional elementor-list-item-link-full_width elementor-widget elementor-widget-icon-list\" data-id=\"33431bf\" data-element_type=\"widget\" data-e-type=\"widget\" data-widget_type=\"icon-list.default\">\n\t\t\t\t<div class=\"elementor-widget-container\">\n\t\t\t\t\t\t\t<ul class=\"elementor-icon-list-items\">\n\t\t\t\t\t\t\t<li class=\"elementor-icon-list-item\">\n\t\t\t\t\t\t\t\t\t\t\t<a href=\"https:\/\/stadtkarte.eu\/rundgang\/Onmaz_Car_Wrapping_Vienna\/index.html\" target=\"_blank\">\n\n\t\t\t\t\t\t\t\t\t\t\t\t<span class=\"elementor-icon-list-icon\">\n\t\t\t\t\t\t\t<svg aria-hidden=\"true\" class=\"e-font-icon-svg e-fas-external-link-alt\" viewBox=\"0 0 512 512\" xmlns=\"http:\/\/www.w3.org\/2000\/svg\"><path d=\"M432,320H400a16,16,0,0,0-16,16V448H64V128H208a16,16,0,0,0,16-16V80a16,16,0,0,0-16-16H48A48,48,0,0,0,0,112V464a48,48,0,0,0,48,48H400a48,48,0,0,0,48-48V336A16,16,0,0,0,432,320ZM488,0h-128c-21.37,0-32.05,25.91-17,41l35.73,35.73L135,320.37a24,24,0,0,0,0,34L157.67,377a24,24,0,0,0,34,0L435.28,133.32,471,169c15,15,41,4.5,41-17V24A24,24,0,0,0,488,0Z\"><\/path><\/svg>\t\t\t\t\t\t<\/span>\n\t\t\t\t\t\t\t\t\t\t<span class=\"elementor-icon-list-text\">Beispiel Betrieb<\/span>\n\t\t\t\t\t\t\t\t\t\t\t<\/a>\n\t\t\t\t\t\t\t\t\t<\/li>\n\t\t\t\t\t\t<\/ul>\n\t\t\t\t\t\t<\/div>\n\t\t\t\t<\/div>\n\t\t\t\t<div class=\"elementor-element elementor-element-d30b022 elementor-widget elementor-widget-image\" data-id=\"d30b022\" data-element_type=\"widget\" data-e-type=\"widget\" data-widget_type=\"image.default\">\n\t\t\t\t<div class=\"elementor-widget-container\">\n\t\t\t\t\t\t\t\t\t\t\t\t\t\t\t\t<a href=\"https:\/\/stadtkarte.eu\/rundgang\/Onmaz_Car_Wrapping_Vienna\/index.html\" target=\"_blank\">\n\t\t\t\t\t\t\t<img loading=\"lazy\" decoding=\"async\" width=\"1480\" height=\"998\" src=\"https:\/\/landing.stadtkarte.at\/wp-content\/uploads\/2024\/10\/Onmaz_Car_Wrapping_Vienna.jpg\" class=\"attachment-full size-full wp-image-157\" alt=\"\" srcset=\"https:\/\/landing.stadtkarte.at\/wp-content\/uploads\/2024\/10\/Onmaz_Car_Wrapping_Vienna.jpg 1480w, https:\/\/landing.stadtkarte.at\/wp-content\/uploads\/2024\/10\/Onmaz_Car_Wrapping_Vienna-300x202.jpg 300w, https:\/\/landing.stadtkarte.at\/wp-content\/uploads\/2024\/10\/Onmaz_Car_Wrapping_Vienna-1024x691.jpg 1024w, https:\/\/landing.stadtkarte.at\/wp-content\/uploads\/2024\/10\/Onmaz_Car_Wrapping_Vienna-768x518.jpg 768w\" sizes=\"(max-width: 1480px) 100vw, 1480px\" \/>\t\t\t\t\t\t\t\t<\/a>\n\t\t\t\t\t\t\t\t\t\t\t\t\t\t\t<\/div>\n\t\t\t\t<\/div>\n\t\t\t\t<\/div>\n\t\t<div class=\"elementor-element elementor-element-3f215d2 e-con-full e-flex e-con e-child\" data-id=\"3f215d2\" data-element_type=\"container\" data-e-type=\"container\">\n\t\t\t\t<div class=\"elementor-element elementor-element-f6ecbfa elementor-icon-list--layout-traditional elementor-list-item-link-full_width elementor-widget elementor-widget-icon-list\" data-id=\"f6ecbfa\" data-element_type=\"widget\" data-e-type=\"widget\" data-widget_type=\"icon-list.default\">\n\t\t\t\t<div class=\"elementor-widget-container\">\n\t\t\t\t\t\t\t<ul class=\"elementor-icon-list-items\">\n\t\t\t\t\t\t\t<li class=\"elementor-icon-list-item\">\n\t\t\t\t\t\t\t\t\t\t\t<a href=\"https:\/\/stadtkarte.eu\/rundgang\/villa-rundgang\/\" target=\"_blank\">\n\n\t\t\t\t\t\t\t\t\t\t\t\t<span class=\"elementor-icon-list-icon\">\n\t\t\t\t\t\t\t<svg aria-hidden=\"true\" class=\"e-font-icon-svg e-fas-external-link-alt\" viewBox=\"0 0 512 512\" xmlns=\"http:\/\/www.w3.org\/2000\/svg\"><path d=\"M432,320H400a16,16,0,0,0-16,16V448H64V128H208a16,16,0,0,0,16-16V80a16,16,0,0,0-16-16H48A48,48,0,0,0,0,112V464a48,48,0,0,0,48,48H400a48,48,0,0,0,48-48V336A16,16,0,0,0,432,320ZM488,0h-128c-21.37,0-32.05,25.91-17,41l35.73,35.73L135,320.37a24,24,0,0,0,0,34L157.67,377a24,24,0,0,0,34,0L435.28,133.32,471,169c15,15,41,4.5,41-17V24A24,24,0,0,0,488,0Z\"><\/path><\/svg>\t\t\t\t\t\t<\/span>\n\t\t\t\t\t\t\t\t\t\t<span class=\"elementor-icon-list-text\">Beispiel Villa<\/span>\n\t\t\t\t\t\t\t\t\t\t\t<\/a>\n\t\t\t\t\t\t\t\t\t<\/li>\n\t\t\t\t\t\t<\/ul>\n\t\t\t\t\t\t<\/div>\n\t\t\t\t<\/div>\n\t\t\t\t<div class=\"elementor-element elementor-element-e7ac2d6 elementor-widget elementor-widget-image\" data-id=\"e7ac2d6\" data-element_type=\"widget\" data-e-type=\"widget\" data-widget_type=\"image.default\">\n\t\t\t\t<div class=\"elementor-widget-container\">\n\t\t\t\t\t\t\t\t\t\t\t\t\t\t\t\t<a href=\"https:\/\/stadtkarte.eu\/rundgang\/villa-rundgang\/\" target=\"_blank\">\n\t\t\t\t\t\t\t<img loading=\"lazy\" decoding=\"async\" width=\"1480\" height=\"998\" src=\"https:\/\/landing.stadtkarte.at\/wp-content\/uploads\/2024\/09\/bild-slide_2.jpg\" class=\"attachment-full size-full wp-image-54\" alt=\"\" srcset=\"https:\/\/landing.stadtkarte.at\/wp-content\/uploads\/2024\/09\/bild-slide_2.jpg 1480w, https:\/\/landing.stadtkarte.at\/wp-content\/uploads\/2024\/09\/bild-slide_2-300x202.jpg 300w, https:\/\/landing.stadtkarte.at\/wp-content\/uploads\/2024\/09\/bild-slide_2-1024x691.jpg 1024w, https:\/\/landing.stadtkarte.at\/wp-content\/uploads\/2024\/09\/bild-slide_2-768x518.jpg 768w\" sizes=\"(max-width: 1480px) 100vw, 1480px\" \/>\t\t\t\t\t\t\t\t<\/a>\n\t\t\t\t\t\t\t\t\t\t\t\t\t\t\t<\/div>\n\t\t\t\t<\/div>\n\t\t\t\t<\/div>\n\t\t\t\t\t<\/div>\n\t\t\t\t<\/div>\n\t\t<div class=\"elementor-element elementor-element-9582e41 e-con-full e-flex e-con e-child\" data-id=\"9582e41\" data-element_type=\"container\" data-e-type=\"container\">\n\t\t\t\t<div class=\"elementor-element elementor-element-759839c elementor-widget elementor-widget-heading\" data-id=\"759839c\" data-element_type=\"widget\" data-e-type=\"widget\" data-widget_type=\"heading.default\">\n\t\t\t\t<div class=\"elementor-widget-container\">\n\t\t\t\t\t<h3 class=\"elementor-heading-title elementor-size-default\"><a href=\"https:\/\/stadtkarte.eu\/rundgang\/DASFEN_Tulln\/index.html\" target=\"_blank\">Schauraum Fenster<\/a><\/h3>\t\t\t\t<\/div>\n\t\t\t\t<\/div>\n\t\t\t\t<\/div>\n\t\t\t\t<\/div>\n\t\t\t\t\t<\/div>\n\t\t\t\t<\/div>\n\t\t<div class=\"elementor-element elementor-element-5dffc55 e-flex e-con-boxed e-con e-parent\" data-id=\"5dffc55\" data-element_type=\"container\" data-e-type=\"container\">\n\t\t\t\t\t<div class=\"e-con-inner\">\n\t\t\t\t<div class=\"elementor-element elementor-element-fe848cd elementor-widget elementor-widget-heading\" data-id=\"fe848cd\" data-element_type=\"widget\" data-e-type=\"widget\" data-widget_type=\"heading.default\">\n\t\t\t\t<div class=\"elementor-widget-container\">\n\t\t\t\t\t<h2 class=\"elementor-heading-title elementor-size-default\">Aushang der Stadtkarten<\/h2>\t\t\t\t<\/div>\n\t\t\t\t<\/div>\n\t\t\t\t<div class=\"elementor-element elementor-element-8baeae1 elementor-widget elementor-widget-image\" data-id=\"8baeae1\" data-element_type=\"widget\" data-e-type=\"widget\" data-widget_type=\"image.default\">\n\t\t\t\t<div class=\"elementor-widget-container\">\n\t\t\t\t\t\t\t\t\t\t\t\t\t\t\t\t<a href=\"https:\/\/landing.stadtkarte.at\/index.php\/stadtkarten-verteilung-fotos\/\">\n\t\t\t\t\t\t\t<img loading=\"lazy\" decoding=\"async\" width=\"2286\" height=\"1080\" src=\"https:\/\/landing.stadtkarte.at\/wp-content\/uploads\/2024\/09\/aushang-stadtkarten.jpg\" class=\"attachment-full size-full wp-image-144\" alt=\"\" srcset=\"https:\/\/landing.stadtkarte.at\/wp-content\/uploads\/2024\/09\/aushang-stadtkarten.jpg 2286w, https:\/\/landing.stadtkarte.at\/wp-content\/uploads\/2024\/09\/aushang-stadtkarten-300x142.jpg 300w, https:\/\/landing.stadtkarte.at\/wp-content\/uploads\/2024\/09\/aushang-stadtkarten-1024x484.jpg 1024w, https:\/\/landing.stadtkarte.at\/wp-content\/uploads\/2024\/09\/aushang-stadtkarten-768x363.jpg 768w, https:\/\/landing.stadtkarte.at\/wp-content\/uploads\/2024\/09\/aushang-stadtkarten-1536x726.jpg 1536w, https:\/\/landing.stadtkarte.at\/wp-content\/uploads\/2024\/09\/aushang-stadtkarten-2048x968.jpg 2048w\" sizes=\"(max-width: 2286px) 100vw, 2286px\" \/>\t\t\t\t\t\t\t\t<\/a>\n\t\t\t\t\t\t\t\t\t\t\t\t\t\t\t<\/div>\n\t\t\t\t<\/div>\n\t\t\t\t\t<\/div>\n\t\t\t\t<\/div>\n\t\t\t\t<\/div>\n\t\t","protected":false},"excerpt":{"rendered":"<p>Herzlich willkommen zum Stadtkarte Portal Beispielseiten sorglospage.com &#8211; Passwort: SLP Beispiel ALT Beispiel NEU Beispiel Rundg\u00e4nge Beispiel Gesch\u00e4ft Beispiel Gesch\u00e4ft Beispiel Betrieb Beispiel Villa Schauraum Fenster Aushang der Stadtkarten<\/p>\n","protected":false},"author":1,"featured_media":0,"parent":0,"menu_order":0,"comment_status":"closed","ping_status":"closed","template":"elementor_header_footer","meta":{"footnotes":""},"class_list":["post-2","page","type-page","status-publish","hentry"],"_links":{"self":[{"href":"https:\/\/landing.stadtkarte.at\/index.php\/wp-json\/wp\/v2\/pages\/2","targetHints":{"allow":["GET"]}}],"collection":[{"href":"https:\/\/landing.stadtkarte.at\/index.php\/wp-json\/wp\/v2\/pages"}],"about":[{"href":"https:\/\/landing.stadtkarte.at\/index.php\/wp-json\/wp\/v2\/types\/page"}],"author":[{"embeddable":true,"href":"https:\/\/landing.stadtkarte.at\/index.php\/wp-json\/wp\/v2\/users\/1"}],"replies":[{"embeddable":true,"href":"https:\/\/landing.stadtkarte.at\/index.php\/wp-json\/wp\/v2\/comments?post=2"}],"version-history":[{"count":64,"href":"https:\/\/landing.stadtkarte.at\/index.php\/wp-json\/wp\/v2\/pages\/2\/revisions"}],"predecessor-version":[{"id":190,"href":"https:\/\/landing.stadtkarte.at\/index.php\/wp-json\/wp\/v2\/pages\/2\/revisions\/190"}],"wp:attachment":[{"href":"https:\/\/landing.stadtkarte.at\/index.php\/wp-json\/wp\/v2\/media?parent=2"}],"curies":[{"name":"wp","href":"https:\/\/api.w.org\/{rel}","templated":true}]}}